{"id":409,"date":"2021-03-24T11:35:15","date_gmt":"2021-03-24T11:35:15","guid":{"rendered":"https:\/\/macchina.vamtam.com\/?page_id=409"},"modified":"2025-06-22T17:43:42","modified_gmt":"2025-06-22T17:43:42","slug":"contact","status":"publish","type":"page","link":"https:\/\/724akutakviye.com\/index.php\/contact\/","title":{"rendered":"\u0130leti\u015fim"},"content":{"rendered":"\t\t<div data-elementor-type=\"wp-page\" data-elementor-id=\"409\" class=\"elementor elementor-409\" data-elementor-post-type=\"page\">\n\t\t\t\t\t\t<section class=\"elementor-section elementor-top-section elementor-element elementor-element-de76138 elementor-section-full_width elementor-section-height-default elementor-section-height-default\" data-id=\"de76138\" data-element_type=\"section\">\n\t\t\t\t\t\t<div class=\"elementor-container elementor-column-gap-no\">\n\t\t\t\t\t<div class=\"elementor-column elementor-col-50 elementor-top-column elementor-element elementor-element-bf682d9 elementor-hidden-phone\" data-id=\"bf682d9\" data-element_type=\"column\">\n\t\t\t<div class=\"elementor-widget-wrap\">\n\t\t\t\t\t\t\t<\/div>\n\t\t<\/div>\n\t\t\t\t<div class=\"elementor-column elementor-col-50 elementor-top-column elementor-element elementor-element-b9a773b\" data-id=\"b9a773b\" data-element_type=\"column\" data-settings=\"{&quot;background_background&quot;:&quot;classic&quot;}\">\n\t\t\t<div class=\"elementor-widget-wrap elementor-element-populated\">\n\t\t\t\t\t\t<div class=\"elementor-element elementor-element-70cf90e elementor-widget elementor-widget-spacer\" data-id=\"70cf90e\" data-element_type=\"widget\" data-widget_type=\"spacer.default\">\n\t\t\t\t<div class=\"elementor-widget-container\">\n\t\t\t\t\t\t\t<div class=\"elementor-spacer\">\n\t\t\t<div class=\"elementor-spacer-inner\"><\/div>\n\t\t<\/div>\n\t\t\t\t\t\t<\/div>\n\t\t\t\t<\/div>\n\t\t\t\t\t<\/div>\n\t\t<\/div>\n\t\t\t\t\t<\/div>\n\t\t<\/section>\n\t\t\t\t<section class=\"elementor-section elementor-top-section elementor-element elementor-element-1cd4521 elementor-section-height-min-height elementor-section-items-bottom elementor-section-content-bottom elementor-section-boxed elementor-section-height-default\" data-id=\"1cd4521\" data-element_type=\"section\">\n\t\t\t\t\t\t<div class=\"elementor-container elementor-column-gap-no\">\n\t\t\t\t\t<div class=\"elementor-column elementor-col-50 elementor-top-column elementor-element elementor-element-b9158ed\" data-id=\"b9158ed\" data-element_type=\"column\" data-settings=\"{&quot;background_background&quot;:&quot;classic&quot;}\">\n\t\t\t<div class=\"elementor-widget-wrap elementor-element-populated\">\n\t\t\t\t\t\t<div class=\"elementor-element elementor-element-32fc7a0 elementor-invisible elementor-widget elementor-widget-heading\" data-id=\"32fc7a0\" data-element_type=\"widget\" data-settings=\"{&quot;_animation&quot;:&quot;fadeIn&quot;,&quot;_animation_delay&quot;:200}\" data-widget_type=\"heading.default\">\n\t\t\t\t<div class=\"elementor-widget-container\">\n\t\t\t\t\t<h1 class=\"elementor-heading-title elementor-size-default\">Bize Ula\u015f\u0131n!<\/h1>\t\t\t\t<\/div>\n\t\t\t\t<\/div>\n\t\t\t\t\t<\/div>\n\t\t<\/div>\n\t\t\t\t<div class=\"elementor-column elementor-col-50 elementor-top-column elementor-element elementor-element-c39c80f elementor-hidden-phone\" data-id=\"c39c80f\" data-element_type=\"column\">\n\t\t\t<div class=\"elementor-widget-wrap\">\n\t\t\t\t\t\t\t<\/div>\n\t\t<\/div>\n\t\t\t\t\t<\/div>\n\t\t<\/section>\n\t\t\t\t<section class=\"elementor-section elementor-top-section elementor-element elementor-element-cb01b7c elementor-section-boxed elementor-section-height-default elementor-section-height-default\" data-id=\"cb01b7c\" data-element_type=\"section\">\n\t\t\t\t\t\t<div class=\"elementor-container elementor-column-gap-no\">\n\t\t\t\t\t<div class=\"elementor-column elementor-col-100 elementor-top-column elementor-element elementor-element-bc1ea36\" data-id=\"bc1ea36\" data-element_type=\"column\">\n\t\t\t<div class=\"elementor-widget-wrap\">\n\t\t\t\t\t\t\t<\/div>\n\t\t<\/div>\n\t\t\t\t\t<\/div>\n\t\t<\/section>\n\t\t\t\t<section class=\"elementor-section elementor-top-section elementor-element elementor-element-c93ca5c elementor-section-boxed elementor-section-height-default elementor-section-height-default\" data-id=\"c93ca5c\" data-element_type=\"section\">\n\t\t\t\t\t\t<div class=\"elementor-container elementor-column-gap-no\">\n\t\t\t\t\t<div class=\"elementor-column elementor-col-100 elementor-top-column elementor-element elementor-element-57995d6\" data-id=\"57995d6\" data-element_type=\"column\" data-settings=\"{&quot;animation&quot;:&quot;none&quot;,&quot;animation_delay&quot;:200}\">\n\t\t\t<div class=\"elementor-widget-wrap elementor-element-populated\">\n\t\t\t\t\t\t<div class=\"elementor-element elementor-element-1896e18 elementor-icon-list--layout-traditional elementor-list-item-link-full_width elementor-widget elementor-widget-icon-list\" data-id=\"1896e18\" data-element_type=\"widget\" data-widget_type=\"icon-list.default\">\n\t\t\t\t<div class=\"elementor-widget-container\">\n\t\t\t\t\t\t\t<ul class=\"elementor-icon-list-items\">\n\t\t\t\t\t\t\t<li class=\"elementor-icon-list-item\">\n\t\t\t\t\t\t\t\t\t\t\t<a href=\"tel:+905423242469\">\n\n\t\t\t\t\t\t\t\t\t\t\t\t<span class=\"elementor-icon-list-icon\">\n\t\t\t\t\t\t\t<i aria-hidden=\"true\" class=\"fas fa-phone\"><\/i>\t\t\t\t\t\t<\/span>\n\t\t\t\t\t\t\t\t\t\t<span class=\"elementor-icon-list-text\">0542 324 24 69<\/span>\n\t\t\t\t\t\t\t\t\t\t\t<\/a>\n\t\t\t\t\t\t\t\t\t<\/li>\n\t\t\t\t\t\t<\/ul>\n\t\t\t\t\t\t<\/div>\n\t\t\t\t<\/div>\n\t\t\t\t<div class=\"elementor-element elementor-element-c709835 elementor-widget__width-auto elementor-widget elementor-widget-text-editor\" data-id=\"c709835\" data-element_type=\"widget\" data-widget_type=\"text-editor.default\">\n\t\t\t\t<div class=\"elementor-widget-container\">\n\t\t\t\t\t\t\t\t\t<p>Avc\u0131lar, Merkez, \u00c7i\u011fdem Cd. 191A, 34310 Esenyurt\/\u0130stanbul<\/p>\t\t\t\t\t\t\t\t<\/div>\n\t\t\t\t<\/div>\n\t\t\t\t\t<\/div>\n\t\t<\/div>\n\t\t\t\t\t<\/div>\n\t\t<\/section>\n\t\t\t\t<section class=\"elementor-section elementor-top-section elementor-element elementor-element-ed89640 elementor-section-boxed elementor-section-height-default elementor-section-height-default\" data-id=\"ed89640\" data-element_type=\"section\" data-settings=\"{&quot;background_background&quot;:&quot;classic&quot;}\">\n\t\t\t\t\t\t<div class=\"elementor-container elementor-column-gap-no\">\n\t\t\t\t\t<div class=\"elementor-column elementor-col-100 elementor-top-column elementor-element elementor-element-3a06f17\" data-id=\"3a06f17\" data-element_type=\"column\">\n\t\t\t<div class=\"elementor-widget-wrap elementor-element-populated\">\n\t\t\t\t\t\t<div class=\"elementor-element elementor-element-9c70c49 elementor-widget elementor-widget-menu-anchor\" data-id=\"9c70c49\" data-element_type=\"widget\" data-widget_type=\"menu-anchor.default\">\n\t\t\t\t<div class=\"elementor-widget-container\">\n\t\t\t\t\t\t\t<div class=\"elementor-menu-anchor\" id=\"appointment-form\"><\/div>\n\t\t\t\t\t\t<\/div>\n\t\t\t\t<\/div>\n\t\t\t\t<div class=\"elementor-element elementor-element-8b35365 elementor-widget__width-initial elementor-widget elementor-widget-heading\" data-id=\"8b35365\" data-element_type=\"widget\" data-settings=\"{&quot;_animation&quot;:&quot;none&quot;}\" data-widget_type=\"heading.default\">\n\t\t\t\t<div class=\"elementor-widget-container\">\n\t\t\t\t\t<h2 class=\"elementor-heading-title elementor-size-default\">Bize Yaz\u0131n<\/h2>\t\t\t\t<\/div>\n\t\t\t\t<\/div>\n\t\t\t\t<div class=\"vamtam-has-theme-widget-styles elementor-element elementor-element-ca82f6f elementor-button-align-start elementor-widget elementor-widget-form\" data-id=\"ca82f6f\" data-element_type=\"widget\" data-settings=\"{&quot;step_next_label&quot;:&quot;Next&quot;,&quot;step_previous_label&quot;:&quot;Previous&quot;,&quot;button_width_tablet&quot;:&quot;25&quot;,&quot;_animation&quot;:&quot;none&quot;,&quot;_animation_delay&quot;:200,&quot;button_width&quot;:&quot;100&quot;,&quot;step_type&quot;:&quot;number_text&quot;,&quot;step_icon_shape&quot;:&quot;circle&quot;}\" data-widget_type=\"form.default\">\n\t\t\t\t<div class=\"elementor-widget-container\">\n\t\t\t\t\t\t\t<form class=\"elementor-form\" method=\"post\" name=\"New Form\">\n\t\t\t<input type=\"hidden\" name=\"post_id\" value=\"409\"\/>\n\t\t\t<input type=\"hidden\" name=\"form_id\" value=\"ca82f6f\"\/>\n\t\t\t<input type=\"hidden\" name=\"referer_title\" value=\"7\/24 Ak\u00fc Takviye\" \/>\n\n\t\t\t\n\t\t\t<div class=\"elementor-form-fields-wrapper elementor-labels-above\">\n\t\t\t\t\t\t\t\t<div class=\"elementor-field-type-text elementor-field-group elementor-column elementor-field-group-name1 elementor-col-33 elementor-sm-100 elementor-field-required\">\n\t\t\t\t\t\t\t\t\t\t\t\t\t<input size=\"1\" type=\"text\" name=\"form_fields[name1]\" id=\"form-field-name1\" class=\"elementor-field elementor-size-md  elementor-field-textual\" placeholder=\"\u0130sim Soyisim\" required=\"required\">\n\t\t\t\t\t\t\t\t\t\t\t<\/div>\n\t\t\t\t\t\t\t\t<div class=\"elementor-field-type-tel elementor-field-group elementor-column elementor-field-group-phone1 elementor-col-33 elementor-sm-100 elementor-field-required\">\n\t\t\t\t\t\t\t<input size=\"1\" type=\"tel\" name=\"form_fields[phone1]\" id=\"form-field-phone1\" class=\"elementor-field elementor-size-md  elementor-field-textual\" placeholder=\"Telefon Numaran\u0131z\" required=\"required\" pattern=\"[0-9()#&amp;+*-=.]+\" title=\"Only numbers and phone characters (#, -, *, etc) are accepted.\">\n\n\t\t\t\t\t\t<\/div>\n\t\t\t\t\t\t\t\t<div class=\"elementor-field-type-email elementor-field-group elementor-column elementor-field-group-email1 elementor-col-33 elementor-sm-100 elementor-field-required\">\n\t\t\t\t\t\t\t\t\t\t\t\t\t<input size=\"1\" type=\"email\" name=\"form_fields[email1]\" id=\"form-field-email1\" class=\"elementor-field elementor-size-md  elementor-field-textual\" placeholder=\"E-Posta Adresiniz\" required=\"required\">\n\t\t\t\t\t\t\t\t\t\t\t<\/div>\n\t\t\t\t\t\t\t\t<div class=\"elementor-field-type-textarea elementor-field-group elementor-column elementor-field-group-message1 elementor-col-100 elementor-sm-100 elementor-field-required\">\n\t\t\t\t\t<textarea class=\"elementor-field-textual elementor-field  elementor-size-md\" name=\"form_fields[message1]\" id=\"form-field-message1\" rows=\"1\" placeholder=\"L\u00fctfen Mesaj\u0131n\u0131z\u0131 Yaz\u0131n\" required=\"required\"><\/textarea>\t\t\t\t<\/div>\n\t\t\t\t\t\t\t\t<div class=\"elementor-field-group elementor-column elementor-field-type-submit elementor-col-100 e-form__buttons elementor-md-25\">\n\t\t\t\t\t<button class=\"elementor-button elementor-size-md\" type=\"submit\">\n\t\t\t\t\t\t<span class=\"elementor-button-content-wrapper\">\n\t\t\t\t\t\t\t\t\t\t\t\t\t\t\t<span class=\"elementor-button-icon\">\n\t\t\t\t\t\t\t\t\t<i aria-hidden=\"true\" class=\"vamtamtheme- vamtam-theme-arrow-left\"><\/i>\t\t\t\t\t\t\t\t\t\t\t\t\t\t\t\t\t<\/span>\n\t\t\t\t\t\t\t\t\t\t\t\t\t\t\t\t\t\t\t\t\t\t<span class=\"elementor-button-text\">G\u00f6nder<\/span>\n\t\t\t\t\t\t\t\t\t\t\t\t\t<\/span>\n\t\t\t\t\t<\/button>\n\t\t\t\t<\/div>\n\t\t\t<\/div>\n\t\t<\/form>\n\t\t\t\t\t\t<\/div>\n\t\t\t\t<\/div>\n\t\t\t\t\t<\/div>\n\t\t<\/div>\n\t\t\t\t\t<\/div>\n\t\t<\/section>\n\t\t\t\t<section class=\"elementor-section elementor-top-section elementor-element elementor-element-62b5d78 elementor-section-full_width elementor-section-height-min-height elementor-section-height-default elementor-section-items-middle\" data-id=\"62b5d78\" data-element_type=\"section\">\n\t\t\t\t\t\t<div class=\"elementor-container elementor-column-gap-no\">\n\t\t\t\t\t<div class=\"elementor-column elementor-col-100 elementor-top-column elementor-element elementor-element-fd33af9\" data-id=\"fd33af9\" data-element_type=\"column\">\n\t\t\t<div class=\"elementor-widget-wrap elementor-element-populated\">\n\t\t\t\t\t\t<div class=\"elementor-element elementor-element-a3ee627 elementor-widget elementor-widget-google_maps\" data-id=\"a3ee627\" data-element_type=\"widget\" data-widget_type=\"google_maps.default\">\n\t\t\t\t<div class=\"elementor-widget-container\">\n\t\t\t\t\t\t\t<div class=\"elementor-custom-embed\">\n\t\t\t<iframe loading=\"lazy\"\n\t\t\t\t\tsrc=\"https:\/\/maps.google.com\/maps?q=Avc%C4%B1lar%2C%20Merkez%2C%20%C3%87i%C4%9Fdem%20Cd.%20191A%2C%2034310%20Esenyurt%2F%C4%B0stanbul&#038;t=m&#038;z=17&#038;output=embed&#038;iwloc=near\"\n\t\t\t\t\ttitle=\"Avc\u0131lar, Merkez, \u00c7i\u011fdem Cd. 191A, 34310 Esenyurt\/\u0130stanbul\"\n\t\t\t\t\taria-label=\"Avc\u0131lar, Merkez, \u00c7i\u011fdem Cd. 191A, 34310 Esenyurt\/\u0130stanbul\"\n\t\t\t><\/iframe>\n\t\t<\/div>\n\t\t\t\t\t\t<\/div>\n\t\t\t\t<\/div>\n\t\t\t\t\t<\/div>\n\t\t<\/div>\n\t\t\t\t\t<\/div>\n\t\t<\/section>\n\t\t\t\t<\/div>\n\t\t","protected":false},"excerpt":{"rendered":"<p>Bize Ula\u015f\u0131n! 0542 324 24 69 Avc\u0131lar, Merkez, \u00c7i\u011fdem Cd. 191A, 34310 Esenyurt\/\u0130stanbul Bize Yaz\u0131n<\/p>\n","protected":false},"author":1,"featured_media":0,"parent":0,"menu_order":0,"comment_status":"closed","ping_status":"closed","template":"","meta":{"footnotes":""},"class_list":["post-409","page","type-page","status-publish","hentry"],"yoast_head":"<!-- This site is optimized with the Yoast SEO plugin v25.3 - https:\/\/yoast.com\/wordpress\/plugins\/seo\/ -->\n<title>\u0130leti\u015fim - 7\/24 Ak\u00fc Takviye<\/title>\n<meta name=\"robots\" content=\"index, follow, max-snippet:-1, max-image-preview:large, max-video-preview:-1\" \/>\n<link rel=\"canonical\" href=\"https:\/\/724akutakviye.com\/index.php\/contact\/\" \/>\n<meta property=\"og:locale\" content=\"tr_TR\" \/>\n<meta property=\"og:type\" content=\"article\" \/>\n<meta property=\"og:title\" content=\"\u0130leti\u015fim - 7\/24 Ak\u00fc Takviye\" \/>\n<meta property=\"og:description\" content=\"Bize Ula\u015f\u0131n! 0542 324 24 69 Avc\u0131lar, Merkez, \u00c7i\u011fdem Cd. 191A, 34310 Esenyurt\/\u0130stanbul Bize Yaz\u0131n\" \/>\n<meta property=\"og:url\" content=\"https:\/\/724akutakviye.com\/index.php\/contact\/\" \/>\n<meta property=\"og:site_name\" content=\"7\/24 Ak\u00fc Takviye\" \/>\n<meta property=\"article:modified_time\" content=\"2025-06-22T17:43:42+00:00\" \/>\n<meta name=\"twitter:card\" content=\"summary_large_image\" \/>\n<meta name=\"twitter:label1\" content=\"Tahmini okuma s\u00fcresi\" \/>\n\t<meta name=\"twitter:data1\" content=\"1 dakika\" \/>\n<script type=\"application\/ld+json\" class=\"yoast-schema-graph\">{\"@context\":\"https:\/\/schema.org\",\"@graph\":[{\"@type\":\"WebPage\",\"@id\":\"https:\/\/724akutakviye.com\/index.php\/contact\/\",\"url\":\"https:\/\/724akutakviye.com\/index.php\/contact\/\",\"name\":\"\u0130leti\u015fim - 7\/24 Ak\u00fc Takviye\",\"isPartOf\":{\"@id\":\"https:\/\/724akutakviye.com\/#website\"},\"datePublished\":\"2021-03-24T11:35:15+00:00\",\"dateModified\":\"2025-06-22T17:43:42+00:00\",\"breadcrumb\":{\"@id\":\"https:\/\/724akutakviye.com\/index.php\/contact\/#breadcrumb\"},\"inLanguage\":\"tr\",\"potentialAction\":[{\"@type\":\"ReadAction\",\"target\":[\"https:\/\/724akutakviye.com\/index.php\/contact\/\"]}]},{\"@type\":\"BreadcrumbList\",\"@id\":\"https:\/\/724akutakviye.com\/index.php\/contact\/#breadcrumb\",\"itemListElement\":[{\"@type\":\"ListItem\",\"position\":1,\"name\":\"Home\",\"item\":\"https:\/\/724akutakviye.com\/\"},{\"@type\":\"ListItem\",\"position\":2,\"name\":\"\u0130leti\u015fim\"}]},{\"@type\":\"WebSite\",\"@id\":\"https:\/\/724akutakviye.com\/#website\",\"url\":\"https:\/\/724akutakviye.com\/\",\"name\":\"7\/24 Ak\u00fc Takviye\",\"description\":\"\u0130htiya\u00e7 Duydu\u011funuz Her An Yan\u0131n\u0131zda!\",\"publisher\":{\"@id\":\"https:\/\/724akutakviye.com\/#organization\"},\"potentialAction\":[{\"@type\":\"SearchAction\",\"target\":{\"@type\":\"EntryPoint\",\"urlTemplate\":\"https:\/\/724akutakviye.com\/?s={search_term_string}\"},\"query-input\":{\"@type\":\"PropertyValueSpecification\",\"valueRequired\":true,\"valueName\":\"search_term_string\"}}],\"inLanguage\":\"tr\"},{\"@type\":\"Organization\",\"@id\":\"https:\/\/724akutakviye.com\/#organization\",\"name\":\"7\/24 Ak\u00fc Takviye\",\"url\":\"https:\/\/724akutakviye.com\/\",\"logo\":{\"@type\":\"ImageObject\",\"inLanguage\":\"tr\",\"@id\":\"https:\/\/724akutakviye.com\/#\/schema\/logo\/image\/\",\"url\":\"https:\/\/724akutakviye.com\/wp-content\/uploads\/2021\/02\/Gemini_Generated_Image_6l84vn6l84vn6l84.png\",\"contentUrl\":\"https:\/\/724akutakviye.com\/wp-content\/uploads\/2021\/02\/Gemini_Generated_Image_6l84vn6l84vn6l84.png\",\"width\":1832,\"height\":759,\"caption\":\"7\/24 Ak\u00fc Takviye\"},\"image\":{\"@id\":\"https:\/\/724akutakviye.com\/#\/schema\/logo\/image\/\"}}]}<\/script>\n<!-- \/ Yoast SEO plugin. -->","yoast_head_json":{"title":"\u0130leti\u015fim - 7\/24 Ak\u00fc Takviye","robots":{"index":"index","follow":"follow","max-snippet":"max-snippet:-1","max-image-preview":"max-image-preview:large","max-video-preview":"max-video-preview:-1"},"canonical":"https:\/\/724akutakviye.com\/index.php\/contact\/","og_locale":"tr_TR","og_type":"article","og_title":"\u0130leti\u015fim - 7\/24 Ak\u00fc Takviye","og_description":"Bize Ula\u015f\u0131n! 0542 324 24 69 Avc\u0131lar, Merkez, \u00c7i\u011fdem Cd. 191A, 34310 Esenyurt\/\u0130stanbul Bize Yaz\u0131n","og_url":"https:\/\/724akutakviye.com\/index.php\/contact\/","og_site_name":"7\/24 Ak\u00fc Takviye","article_modified_time":"2025-06-22T17:43:42+00:00","twitter_card":"summary_large_image","twitter_misc":{"Tahmini okuma s\u00fcresi":"1 dakika"},"schema":{"@context":"https:\/\/schema.org","@graph":[{"@type":"WebPage","@id":"https:\/\/724akutakviye.com\/index.php\/contact\/","url":"https:\/\/724akutakviye.com\/index.php\/contact\/","name":"\u0130leti\u015fim - 7\/24 Ak\u00fc Takviye","isPartOf":{"@id":"https:\/\/724akutakviye.com\/#website"},"datePublished":"2021-03-24T11:35:15+00:00","dateModified":"2025-06-22T17:43:42+00:00","breadcrumb":{"@id":"https:\/\/724akutakviye.com\/index.php\/contact\/#breadcrumb"},"inLanguage":"tr","potentialAction":[{"@type":"ReadAction","target":["https:\/\/724akutakviye.com\/index.php\/contact\/"]}]},{"@type":"BreadcrumbList","@id":"https:\/\/724akutakviye.com\/index.php\/contact\/#breadcrumb","itemListElement":[{"@type":"ListItem","position":1,"name":"Home","item":"https:\/\/724akutakviye.com\/"},{"@type":"ListItem","position":2,"name":"\u0130leti\u015fim"}]},{"@type":"WebSite","@id":"https:\/\/724akutakviye.com\/#website","url":"https:\/\/724akutakviye.com\/","name":"7\/24 Ak\u00fc Takviye","description":"\u0130htiya\u00e7 Duydu\u011funuz Her An Yan\u0131n\u0131zda!","publisher":{"@id":"https:\/\/724akutakviye.com\/#organization"},"potentialAction":[{"@type":"SearchAction","target":{"@type":"EntryPoint","urlTemplate":"https:\/\/724akutakviye.com\/?s={search_term_string}"},"query-input":{"@type":"PropertyValueSpecification","valueRequired":true,"valueName":"search_term_string"}}],"inLanguage":"tr"},{"@type":"Organization","@id":"https:\/\/724akutakviye.com\/#organization","name":"7\/24 Ak\u00fc Takviye","url":"https:\/\/724akutakviye.com\/","logo":{"@type":"ImageObject","inLanguage":"tr","@id":"https:\/\/724akutakviye.com\/#\/schema\/logo\/image\/","url":"https:\/\/724akutakviye.com\/wp-content\/uploads\/2021\/02\/Gemini_Generated_Image_6l84vn6l84vn6l84.png","contentUrl":"https:\/\/724akutakviye.com\/wp-content\/uploads\/2021\/02\/Gemini_Generated_Image_6l84vn6l84vn6l84.png","width":1832,"height":759,"caption":"7\/24 Ak\u00fc Takviye"},"image":{"@id":"https:\/\/724akutakviye.com\/#\/schema\/logo\/image\/"}}]}},"_links":{"self":[{"href":"https:\/\/724akutakviye.com\/index.php\/wp-json\/wp\/v2\/pages\/409","targetHints":{"allow":["GET"]}}],"collection":[{"href":"https:\/\/724akutakviye.com\/index.php\/wp-json\/wp\/v2\/pages"}],"about":[{"href":"https:\/\/724akutakviye.com\/index.php\/wp-json\/wp\/v2\/types\/page"}],"author":[{"embeddable":true,"href":"https:\/\/724akutakviye.com\/index.php\/wp-json\/wp\/v2\/users\/1"}],"replies":[{"embeddable":true,"href":"https:\/\/724akutakviye.com\/index.php\/wp-json\/wp\/v2\/comments?post=409"}],"version-history":[{"count":9,"href":"https:\/\/724akutakviye.com\/index.php\/wp-json\/wp\/v2\/pages\/409\/revisions"}],"predecessor-version":[{"id":987717,"href":"https:\/\/724akutakviye.com\/index.php\/wp-json\/wp\/v2\/pages\/409\/revisions\/987717"}],"wp:attachment":[{"href":"https:\/\/724akutakviye.com\/index.php\/wp-json\/wp\/v2\/media?parent=409"}],"curies":[{"name":"wp","href":"https:\/\/api.w.org\/{rel}","templated":true}]}}