{"id":824,"date":"2021-03-26T08:04:58","date_gmt":"2021-03-26T08:04:58","guid":{"rendered":"https:\/\/macchina.vamtam.com\/?page_id=824"},"modified":"2025-06-22T17:46:48","modified_gmt":"2025-06-22T17:46:48","slug":"faq","status":"publish","type":"page","link":"https:\/\/724akutakviye.com\/index.php\/faq\/","title":{"rendered":"SSS"},"content":{"rendered":"\t\t<div data-elementor-type=\"wp-page\" data-elementor-id=\"824\" class=\"elementor elementor-824\" data-elementor-post-type=\"page\">\n\t\t\t\t\t\t<section class=\"elementor-section elementor-top-section elementor-element elementor-element-0d7fd77 elementor-section-full_width elementor-section-height-default elementor-section-height-default\" data-id=\"0d7fd77\" data-element_type=\"section\">\n\t\t\t\t\t\t<div class=\"elementor-container elementor-column-gap-no\">\n\t\t\t\t\t<div class=\"elementor-column elementor-col-50 elementor-top-column elementor-element elementor-element-0e7bbf6 elementor-hidden-phone\" data-id=\"0e7bbf6\" data-element_type=\"column\">\n\t\t\t<div class=\"elementor-widget-wrap\">\n\t\t\t\t\t\t\t<\/div>\n\t\t<\/div>\n\t\t\t\t<div class=\"elementor-column elementor-col-50 elementor-top-column elementor-element elementor-element-b95bd37\" data-id=\"b95bd37\" data-element_type=\"column\" data-settings=\"{&quot;background_background&quot;:&quot;classic&quot;}\">\n\t\t\t<div class=\"elementor-widget-wrap elementor-element-populated\">\n\t\t\t\t\t\t<div class=\"elementor-element elementor-element-3094d70 elementor-widget elementor-widget-spacer\" data-id=\"3094d70\" data-element_type=\"widget\" data-widget_type=\"spacer.default\">\n\t\t\t\t<div class=\"elementor-widget-container\">\n\t\t\t\t\t\t\t<div class=\"elementor-spacer\">\n\t\t\t<div class=\"elementor-spacer-inner\"><\/div>\n\t\t<\/div>\n\t\t\t\t\t\t<\/div>\n\t\t\t\t<\/div>\n\t\t\t\t\t<\/div>\n\t\t<\/div>\n\t\t\t\t\t<\/div>\n\t\t<\/section>\n\t\t\t\t<section class=\"elementor-section elementor-top-section elementor-element elementor-element-2aae4b0 elementor-section-height-min-height elementor-section-items-bottom elementor-section-content-bottom elementor-section-boxed elementor-section-height-default\" data-id=\"2aae4b0\" data-element_type=\"section\">\n\t\t\t\t\t\t<div class=\"elementor-container elementor-column-gap-no\">\n\t\t\t\t\t<div class=\"elementor-column elementor-col-50 elementor-top-column elementor-element elementor-element-4b009df\" data-id=\"4b009df\" data-element_type=\"column\" data-settings=\"{&quot;background_background&quot;:&quot;classic&quot;}\">\n\t\t\t<div class=\"elementor-widget-wrap elementor-element-populated\">\n\t\t\t\t\t\t<div class=\"elementor-element elementor-element-05384ab elementor-invisible elementor-widget elementor-widget-heading\" data-id=\"05384ab\" data-element_type=\"widget\" data-settings=\"{&quot;_animation&quot;:&quot;fadeIn&quot;,&quot;_animation_delay&quot;:200}\" data-widget_type=\"heading.default\">\n\t\t\t\t<div class=\"elementor-widget-container\">\n\t\t\t\t\t<h1 class=\"elementor-heading-title elementor-size-default\">S\u0131k\u00e7a Sorulan Sorular<\/h1>\t\t\t\t<\/div>\n\t\t\t\t<\/div>\n\t\t\t\t\t<\/div>\n\t\t<\/div>\n\t\t\t\t<div class=\"elementor-column elementor-col-50 elementor-top-column elementor-element elementor-element-1b0b261 elementor-hidden-phone\" data-id=\"1b0b261\" data-element_type=\"column\">\n\t\t\t<div class=\"elementor-widget-wrap\">\n\t\t\t\t\t\t\t<\/div>\n\t\t<\/div>\n\t\t\t\t\t<\/div>\n\t\t<\/section>\n\t\t\t\t<section class=\"elementor-section elementor-top-section elementor-element elementor-element-6d76e93 elementor-section-boxed elementor-section-height-default elementor-section-height-default\" data-id=\"6d76e93\" data-element_type=\"section\" data-settings=\"{&quot;background_background&quot;:&quot;classic&quot;}\">\n\t\t\t\t\t\t<div class=\"elementor-container elementor-column-gap-no\">\n\t\t\t\t\t<div class=\"elementor-column elementor-col-100 elementor-top-column elementor-element elementor-element-0ac2059\" data-id=\"0ac2059\" data-element_type=\"column\">\n\t\t\t<div class=\"elementor-widget-wrap elementor-element-populated\">\n\t\t\t\t\t\t<div class=\"vamtam-has-theme-widget-styles elementor-element elementor-element-d61f5de elementor-widget elementor-widget-toggle\" data-id=\"d61f5de\" data-element_type=\"widget\" data-widget_type=\"toggle.default\">\n\t\t\t\t<div class=\"elementor-widget-container\">\n\t\t\t\t\t\t\t<div class=\"elementor-toggle\">\n\t\t\t\t\t\t\t<div class=\"elementor-toggle-item\">\n\t\t\t\t\t<div id=\"elementor-tab-title-2241\" class=\"elementor-tab-title\" data-tab=\"1\" role=\"button\" aria-controls=\"elementor-tab-content-2241\" aria-expanded=\"false\">\n\t\t\t\t\t\t\t\t\t\t\t\t<span class=\"elementor-toggle-icon elementor-toggle-icon-right\" aria-hidden=\"true\">\n\t\t\t\t\t\t\t\t\t\t\t\t\t\t\t<span class=\"elementor-toggle-icon-closed\"><i class=\"fas fa-plus-circle\"><\/i><\/span>\n\t\t\t\t\t\t\t\t<span class=\"elementor-toggle-icon-opened\"><i class=\"elementor-toggle-icon-opened fas fa-minus-circle\"><\/i><\/span>\n\t\t\t\t\t\t\t\t\t\t\t\t\t<\/span>\n\t\t\t\t\t\t\t\t\t\t\t\t<a class=\"elementor-toggle-title\" tabindex=\"0\">Ger\u00e7ekten 7\/24 hizmet veriyor musunuz?<\/a>\n\t\t\t\t\t<\/div>\n\n\t\t\t\t\t<div id=\"elementor-tab-content-2241\" class=\"elementor-tab-content elementor-clearfix\" data-tab=\"1\" role=\"region\" aria-labelledby=\"elementor-tab-title-2241\"><p data-start=\"270\" data-end=\"456\">Evet! <strong data-start=\"276\" data-end=\"334\">Gece-g\u00fcnd\u00fcz demeden, haftan\u0131n her g\u00fcn\u00fc 24 saat boyunca<\/strong> \u0130stanbul\u2019un her noktas\u0131na hizmet veriyoruz. Arac\u0131n\u0131z sizi ne zaman yar\u0131 yolda b\u0131rak\u0131rsa b\u0131raks\u0131n, biz daima yan\u0131n\u0131zday\u0131z.<\/p><\/div>\n\t\t\t\t<\/div>\n\t\t\t\t\t\t\t<div class=\"elementor-toggle-item\">\n\t\t\t\t\t<div id=\"elementor-tab-title-2242\" class=\"elementor-tab-title\" data-tab=\"2\" role=\"button\" aria-controls=\"elementor-tab-content-2242\" aria-expanded=\"false\">\n\t\t\t\t\t\t\t\t\t\t\t\t<span class=\"elementor-toggle-icon elementor-toggle-icon-right\" aria-hidden=\"true\">\n\t\t\t\t\t\t\t\t\t\t\t\t\t\t\t<span class=\"elementor-toggle-icon-closed\"><i class=\"fas fa-plus-circle\"><\/i><\/span>\n\t\t\t\t\t\t\t\t<span class=\"elementor-toggle-icon-opened\"><i class=\"elementor-toggle-icon-opened fas fa-minus-circle\"><\/i><\/span>\n\t\t\t\t\t\t\t\t\t\t\t\t\t<\/span>\n\t\t\t\t\t\t\t\t\t\t\t\t<a class=\"elementor-toggle-title\" tabindex=\"0\">Ne kadar s\u00fcrede bulundu\u011fum konuma ula\u015f\u0131yorsunuz?<\/a>\n\t\t\t\t\t<\/div>\n\n\t\t\t\t\t<div id=\"elementor-tab-content-2242\" class=\"elementor-tab-content elementor-clearfix\" data-tab=\"2\" role=\"region\" aria-labelledby=\"elementor-tab-title-2242\"><p data-start=\"520\" data-end=\"705\">Lokasyonunuza ba\u011fl\u0131 olarak <strong data-start=\"547\" data-end=\"583\">ortalama 20-30 dakika i\u00e7erisinde<\/strong> size ula\u015f\u0131yoruz. H\u0131zl\u0131 ekip y\u00f6nlendirmemiz sayesinde \u0130stanbul\u2019un trafik ko\u015fullar\u0131na ra\u011fmen en k\u0131sa s\u00fcrede orada oluyoruz.<\/p><\/div>\n\t\t\t\t<\/div>\n\t\t\t\t\t\t\t<div class=\"elementor-toggle-item\">\n\t\t\t\t\t<div id=\"elementor-tab-title-2243\" class=\"elementor-tab-title\" data-tab=\"3\" role=\"button\" aria-controls=\"elementor-tab-content-2243\" aria-expanded=\"false\">\n\t\t\t\t\t\t\t\t\t\t\t\t<span class=\"elementor-toggle-icon elementor-toggle-icon-right\" aria-hidden=\"true\">\n\t\t\t\t\t\t\t\t\t\t\t\t\t\t\t<span class=\"elementor-toggle-icon-closed\"><i class=\"fas fa-plus-circle\"><\/i><\/span>\n\t\t\t\t\t\t\t\t<span class=\"elementor-toggle-icon-opened\"><i class=\"elementor-toggle-icon-opened fas fa-minus-circle\"><\/i><\/span>\n\t\t\t\t\t\t\t\t\t\t\t\t\t<\/span>\n\t\t\t\t\t\t\t\t\t\t\t\t<a class=\"elementor-toggle-title\" tabindex=\"0\">Ak\u00fc takviye i\u015flemi arac\u0131m i\u00e7in g\u00fcvenli mi?<\/a>\n\t\t\t\t\t<\/div>\n\n\t\t\t\t\t<div id=\"elementor-tab-content-2243\" class=\"elementor-tab-content elementor-clearfix\" data-tab=\"3\" role=\"region\" aria-labelledby=\"elementor-tab-title-2243\"><p data-start=\"763\" data-end=\"945\">Kesinlikle! T\u00fcm i\u015flemler <strong data-start=\"788\" data-end=\"817\">e\u011fitimli teknisyenlerimiz<\/strong> taraf\u0131ndan yap\u0131l\u0131r ve profesyonel ekipmanlar kullan\u0131l\u0131r. Arac\u0131n\u0131za zarar vermeden, g\u00fcvenli bir \u015fekilde \u00e7al\u0131\u015ft\u0131r\u0131lmas\u0131 sa\u011flan\u0131r.<\/p><\/div>\n\t\t\t\t<\/div>\n\t\t\t\t\t\t\t<div class=\"elementor-toggle-item\">\n\t\t\t\t\t<div id=\"elementor-tab-title-2244\" class=\"elementor-tab-title\" data-tab=\"4\" role=\"button\" aria-controls=\"elementor-tab-content-2244\" aria-expanded=\"false\">\n\t\t\t\t\t\t\t\t\t\t\t\t<span class=\"elementor-toggle-icon elementor-toggle-icon-right\" aria-hidden=\"true\">\n\t\t\t\t\t\t\t\t\t\t\t\t\t\t\t<span class=\"elementor-toggle-icon-closed\"><i class=\"fas fa-plus-circle\"><\/i><\/span>\n\t\t\t\t\t\t\t\t<span class=\"elementor-toggle-icon-opened\"><i class=\"elementor-toggle-icon-opened fas fa-minus-circle\"><\/i><\/span>\n\t\t\t\t\t\t\t\t\t\t\t\t\t<\/span>\n\t\t\t\t\t\t\t\t\t\t\t\t<a class=\"elementor-toggle-title\" tabindex=\"0\">Hizmetten sonra arac\u0131m\u0131 yeniden \u00e7al\u0131\u015ft\u0131rmakta sorun ya\u015far m\u0131y\u0131m?<\/a>\n\t\t\t\t\t<\/div>\n\n\t\t\t\t\t<div id=\"elementor-tab-content-2244\" class=\"elementor-tab-content elementor-clearfix\" data-tab=\"4\" role=\"region\" aria-labelledby=\"elementor-tab-title-2244\"><p data-start=\"1025\" data-end=\"1242\">Hay\u0131r, do\u011fru bir takviye ile arac\u0131n\u0131z g\u00fcvenli \u015fekilde \u00e7al\u0131\u015f\u0131r. Ancak ak\u00fcn\u00fczde ciddi bir problem varsa, teknisyenimiz size durumu detayl\u0131 \u015fekilde a\u00e7\u0131klar ve <strong data-start=\"1181\" data-end=\"1205\">yerinde ak\u00fc de\u011fi\u015fimi<\/strong> gibi alternatif \u00e7\u00f6z\u00fcmler de sunar\u0131z.<\/p><\/div>\n\t\t\t\t<\/div>\n\t\t\t\t\t\t\t<div class=\"elementor-toggle-item\">\n\t\t\t\t\t<div id=\"elementor-tab-title-2245\" class=\"elementor-tab-title\" data-tab=\"5\" role=\"button\" aria-controls=\"elementor-tab-content-2245\" aria-expanded=\"false\">\n\t\t\t\t\t\t\t\t\t\t\t\t<span class=\"elementor-toggle-icon elementor-toggle-icon-right\" aria-hidden=\"true\">\n\t\t\t\t\t\t\t\t\t\t\t\t\t\t\t<span class=\"elementor-toggle-icon-closed\"><i class=\"fas fa-plus-circle\"><\/i><\/span>\n\t\t\t\t\t\t\t\t<span class=\"elementor-toggle-icon-opened\"><i class=\"elementor-toggle-icon-opened fas fa-minus-circle\"><\/i><\/span>\n\t\t\t\t\t\t\t\t\t\t\t\t\t<\/span>\n\t\t\t\t\t\t\t\t\t\t\t\t<a class=\"elementor-toggle-title\" tabindex=\"0\">Sadece ak\u00fc takviyesi mi yap\u0131yorsunuz?<\/a>\n\t\t\t\t\t<\/div>\n\n\t\t\t\t\t<div id=\"elementor-tab-content-2245\" class=\"elementor-tab-content elementor-clearfix\" data-tab=\"5\" role=\"region\" aria-labelledby=\"elementor-tab-title-2245\"><p data-start=\"1295\" data-end=\"1518\">Ana uzmanl\u0131k alan\u0131m\u0131z ak\u00fc takviyesi olsa da, <strong data-start=\"1340\" data-end=\"1400\">ak\u00fc kontrol\u00fc, yerinde ak\u00fc de\u011fi\u015fimi, kutup ba\u015f\u0131 temizli\u011fi<\/strong> gibi destek hizmetlerimiz de bulunmaktad\u0131r. Arac\u0131n\u0131z\u0131n ihtiya\u00e7 duydu\u011fu anl\u0131k m\u00fcdahaleleri yerinde ger\u00e7ekle\u015ftiriyoruz.<\/p><\/div>\n\t\t\t\t<\/div>\n\t\t\t\t\t\t\t<div class=\"elementor-toggle-item\">\n\t\t\t\t\t<div id=\"elementor-tab-title-2246\" class=\"elementor-tab-title\" data-tab=\"6\" role=\"button\" aria-controls=\"elementor-tab-content-2246\" aria-expanded=\"false\">\n\t\t\t\t\t\t\t\t\t\t\t\t<span class=\"elementor-toggle-icon elementor-toggle-icon-right\" aria-hidden=\"true\">\n\t\t\t\t\t\t\t\t\t\t\t\t\t\t\t<span class=\"elementor-toggle-icon-closed\"><i class=\"fas fa-plus-circle\"><\/i><\/span>\n\t\t\t\t\t\t\t\t<span class=\"elementor-toggle-icon-opened\"><i class=\"elementor-toggle-icon-opened fas fa-minus-circle\"><\/i><\/span>\n\t\t\t\t\t\t\t\t\t\t\t\t\t<\/span>\n\t\t\t\t\t\t\t\t\t\t\t\t<a class=\"elementor-toggle-title\" tabindex=\"0\">Fiyatlar\u0131n\u0131z sabit mi, s\u00fcrpriz ek \u00fccret \u00e7\u0131kar m\u0131?<\/a>\n\t\t\t\t\t<\/div>\n\n\t\t\t\t\t<div id=\"elementor-tab-content-2246\" class=\"elementor-tab-content elementor-clearfix\" data-tab=\"6\" role=\"region\" aria-labelledby=\"elementor-tab-title-2246\"><p data-start=\"1583\" data-end=\"1766\">Fiyatlar\u0131m\u0131z \u015feffaft\u0131r. Hizmet \u00f6ncesi net bilgi verilir ve <strong data-start=\"1642\" data-end=\"1687\">asla s\u00fcrpriz \u00fccretlerle kar\u015f\u0131la\u015fmazs\u0131n\u0131z.<\/strong> Uygun fiyat politikam\u0131zla kaliteli hizmeti herkes i\u00e7in eri\u015filebilir k\u0131l\u0131yoruz.<\/p><\/div>\n\t\t\t\t<\/div>\n\t\t\t\t\t\t\t<div class=\"elementor-toggle-item\">\n\t\t\t\t\t<div id=\"elementor-tab-title-2247\" class=\"elementor-tab-title\" data-tab=\"7\" role=\"button\" aria-controls=\"elementor-tab-content-2247\" aria-expanded=\"false\">\n\t\t\t\t\t\t\t\t\t\t\t\t<span class=\"elementor-toggle-icon elementor-toggle-icon-right\" aria-hidden=\"true\">\n\t\t\t\t\t\t\t\t\t\t\t\t\t\t\t<span class=\"elementor-toggle-icon-closed\"><i class=\"fas fa-plus-circle\"><\/i><\/span>\n\t\t\t\t\t\t\t\t<span class=\"elementor-toggle-icon-opened\"><i class=\"elementor-toggle-icon-opened fas fa-minus-circle\"><\/i><\/span>\n\t\t\t\t\t\t\t\t\t\t\t\t\t<\/span>\n\t\t\t\t\t\t\t\t\t\t\t\t<a class=\"elementor-toggle-title\" tabindex=\"0\">Hangi ara\u00e7lara hizmet veriyorsunuz?<\/a>\n\t\t\t\t\t<\/div>\n\n\t\t\t\t\t<div id=\"elementor-tab-content-2247\" class=\"elementor-tab-content elementor-clearfix\" data-tab=\"7\" role=\"region\" aria-labelledby=\"elementor-tab-title-2247\"><p data-start=\"1817\" data-end=\"2003\">Binek ara\u00e7lardan ticari ara\u00e7lara kadar <strong data-start=\"1856\" data-end=\"1893\">12V sistemle \u00e7al\u0131\u015fan t\u00fcm ara\u00e7lara<\/strong> takviye hizmeti veriyoruz. \u0130ster otomobil, ister hafif ticari ara\u00e7 olsun, size uygun \u00e7\u00f6z\u00fcmlerle yan\u0131n\u0131zday\u0131z.<\/p><\/div>\n\t\t\t\t<\/div>\n\t\t\t\t\t\t\t\t<\/div>\n\t\t\t\t\t\t<\/div>\n\t\t\t\t<\/div>\n\t\t\t\t\t<\/div>\n\t\t<\/div>\n\t\t\t\t\t<\/div>\n\t\t<\/section>\n\t\t\t\t<\/div>\n\t\t","protected":false},"excerpt":{"rendered":"<p>S\u0131k\u00e7a Sorulan Sorular Ger\u00e7ekten 7\/24 hizmet veriyor musunuz? Evet! Gece-g\u00fcnd\u00fcz demeden, haftan\u0131n her g\u00fcn\u00fc 24 saat boyunca \u0130stanbul\u2019un her noktas\u0131na hizmet veriyoruz. Arac\u0131n\u0131z sizi ne zaman yar\u0131 yolda b\u0131rak\u0131rsa b\u0131raks\u0131n, biz daima yan\u0131n\u0131zday\u0131z. Ne kadar s\u00fcrede bulundu\u011fum konuma ula\u015f\u0131yorsunuz? Lokasyonunuza ba\u011fl\u0131 olarak ortalama 20-30 dakika i\u00e7erisinde size ula\u015f\u0131yoruz. H\u0131zl\u0131 ekip y\u00f6nlendirmemiz sayesinde \u0130stanbul\u2019un trafik ko\u015fullar\u0131na&#8230;<\/p>\n","protected":false},"author":1,"featured_media":0,"parent":0,"menu_order":0,"comment_status":"closed","ping_status":"closed","template":"","meta":{"footnotes":""},"class_list":["post-824","page","type-page","status-publish","hentry"],"yoast_head":"<!-- This site is optimized with the Yoast SEO plugin v25.3 - https:\/\/yoast.com\/wordpress\/plugins\/seo\/ -->\n<title>SSS - 7\/24 Ak\u00fc Takviye<\/title>\n<meta name=\"robots\" content=\"index, follow, max-snippet:-1, max-image-preview:large, max-video-preview:-1\" \/>\n<link rel=\"canonical\" href=\"https:\/\/724akutakviye.com\/index.php\/faq\/\" \/>\n<meta property=\"og:locale\" content=\"tr_TR\" \/>\n<meta property=\"og:type\" content=\"article\" \/>\n<meta property=\"og:title\" content=\"SSS - 7\/24 Ak\u00fc Takviye\" \/>\n<meta property=\"og:description\" content=\"S\u0131k\u00e7a Sorulan Sorular Ger\u00e7ekten 7\/24 hizmet veriyor musunuz? Evet! Gece-g\u00fcnd\u00fcz demeden, haftan\u0131n her g\u00fcn\u00fc 24 saat boyunca \u0130stanbul\u2019un her noktas\u0131na hizmet veriyoruz. Arac\u0131n\u0131z sizi ne zaman yar\u0131 yolda b\u0131rak\u0131rsa b\u0131raks\u0131n, biz daima yan\u0131n\u0131zday\u0131z. Ne kadar s\u00fcrede bulundu\u011fum konuma ula\u015f\u0131yorsunuz? Lokasyonunuza ba\u011fl\u0131 olarak ortalama 20-30 dakika i\u00e7erisinde size ula\u015f\u0131yoruz. H\u0131zl\u0131 ekip y\u00f6nlendirmemiz sayesinde \u0130stanbul\u2019un trafik ko\u015fullar\u0131na...\" \/>\n<meta property=\"og:url\" content=\"https:\/\/724akutakviye.com\/index.php\/faq\/\" \/>\n<meta property=\"og:site_name\" content=\"7\/24 Ak\u00fc Takviye\" \/>\n<meta property=\"article:modified_time\" content=\"2025-06-22T17:46:48+00:00\" \/>\n<meta name=\"twitter:card\" content=\"summary_large_image\" \/>\n<meta name=\"twitter:label1\" content=\"Tahmini okuma s\u00fcresi\" \/>\n\t<meta name=\"twitter:data1\" content=\"2 dakika\" \/>\n<script type=\"application\/ld+json\" class=\"yoast-schema-graph\">{\"@context\":\"https:\/\/schema.org\",\"@graph\":[{\"@type\":\"WebPage\",\"@id\":\"https:\/\/724akutakviye.com\/index.php\/faq\/\",\"url\":\"https:\/\/724akutakviye.com\/index.php\/faq\/\",\"name\":\"SSS - 7\/24 Ak\u00fc Takviye\",\"isPartOf\":{\"@id\":\"https:\/\/724akutakviye.com\/#website\"},\"datePublished\":\"2021-03-26T08:04:58+00:00\",\"dateModified\":\"2025-06-22T17:46:48+00:00\",\"breadcrumb\":{\"@id\":\"https:\/\/724akutakviye.com\/index.php\/faq\/#breadcrumb\"},\"inLanguage\":\"tr\",\"potentialAction\":[{\"@type\":\"ReadAction\",\"target\":[\"https:\/\/724akutakviye.com\/index.php\/faq\/\"]}]},{\"@type\":\"BreadcrumbList\",\"@id\":\"https:\/\/724akutakviye.com\/index.php\/faq\/#breadcrumb\",\"itemListElement\":[{\"@type\":\"ListItem\",\"position\":1,\"name\":\"Home\",\"item\":\"https:\/\/724akutakviye.com\/\"},{\"@type\":\"ListItem\",\"position\":2,\"name\":\"SSS\"}]},{\"@type\":\"WebSite\",\"@id\":\"https:\/\/724akutakviye.com\/#website\",\"url\":\"https:\/\/724akutakviye.com\/\",\"name\":\"7\/24 Ak\u00fc Takviye\",\"description\":\"\u0130htiya\u00e7 Duydu\u011funuz Her An Yan\u0131n\u0131zda!\",\"publisher\":{\"@id\":\"https:\/\/724akutakviye.com\/#organization\"},\"potentialAction\":[{\"@type\":\"SearchAction\",\"target\":{\"@type\":\"EntryPoint\",\"urlTemplate\":\"https:\/\/724akutakviye.com\/?s={search_term_string}\"},\"query-input\":{\"@type\":\"PropertyValueSpecification\",\"valueRequired\":true,\"valueName\":\"search_term_string\"}}],\"inLanguage\":\"tr\"},{\"@type\":\"Organization\",\"@id\":\"https:\/\/724akutakviye.com\/#organization\",\"name\":\"7\/24 Ak\u00fc Takviye\",\"url\":\"https:\/\/724akutakviye.com\/\",\"logo\":{\"@type\":\"ImageObject\",\"inLanguage\":\"tr\",\"@id\":\"https:\/\/724akutakviye.com\/#\/schema\/logo\/image\/\",\"url\":\"https:\/\/724akutakviye.com\/wp-content\/uploads\/2021\/02\/Gemini_Generated_Image_6l84vn6l84vn6l84.png\",\"contentUrl\":\"https:\/\/724akutakviye.com\/wp-content\/uploads\/2021\/02\/Gemini_Generated_Image_6l84vn6l84vn6l84.png\",\"width\":1832,\"height\":759,\"caption\":\"7\/24 Ak\u00fc Takviye\"},\"image\":{\"@id\":\"https:\/\/724akutakviye.com\/#\/schema\/logo\/image\/\"}}]}<\/script>\n<!-- \/ Yoast SEO plugin. -->","yoast_head_json":{"title":"SSS - 7\/24 Ak\u00fc Takviye","robots":{"index":"index","follow":"follow","max-snippet":"max-snippet:-1","max-image-preview":"max-image-preview:large","max-video-preview":"max-video-preview:-1"},"canonical":"https:\/\/724akutakviye.com\/index.php\/faq\/","og_locale":"tr_TR","og_type":"article","og_title":"SSS - 7\/24 Ak\u00fc Takviye","og_description":"S\u0131k\u00e7a Sorulan Sorular Ger\u00e7ekten 7\/24 hizmet veriyor musunuz? Evet! Gece-g\u00fcnd\u00fcz demeden, haftan\u0131n her g\u00fcn\u00fc 24 saat boyunca \u0130stanbul\u2019un her noktas\u0131na hizmet veriyoruz. Arac\u0131n\u0131z sizi ne zaman yar\u0131 yolda b\u0131rak\u0131rsa b\u0131raks\u0131n, biz daima yan\u0131n\u0131zday\u0131z. Ne kadar s\u00fcrede bulundu\u011fum konuma ula\u015f\u0131yorsunuz? Lokasyonunuza ba\u011fl\u0131 olarak ortalama 20-30 dakika i\u00e7erisinde size ula\u015f\u0131yoruz. H\u0131zl\u0131 ekip y\u00f6nlendirmemiz sayesinde \u0130stanbul\u2019un trafik ko\u015fullar\u0131na...","og_url":"https:\/\/724akutakviye.com\/index.php\/faq\/","og_site_name":"7\/24 Ak\u00fc Takviye","article_modified_time":"2025-06-22T17:46:48+00:00","twitter_card":"summary_large_image","twitter_misc":{"Tahmini okuma s\u00fcresi":"2 dakika"},"schema":{"@context":"https:\/\/schema.org","@graph":[{"@type":"WebPage","@id":"https:\/\/724akutakviye.com\/index.php\/faq\/","url":"https:\/\/724akutakviye.com\/index.php\/faq\/","name":"SSS - 7\/24 Ak\u00fc Takviye","isPartOf":{"@id":"https:\/\/724akutakviye.com\/#website"},"datePublished":"2021-03-26T08:04:58+00:00","dateModified":"2025-06-22T17:46:48+00:00","breadcrumb":{"@id":"https:\/\/724akutakviye.com\/index.php\/faq\/#breadcrumb"},"inLanguage":"tr","potentialAction":[{"@type":"ReadAction","target":["https:\/\/724akutakviye.com\/index.php\/faq\/"]}]},{"@type":"BreadcrumbList","@id":"https:\/\/724akutakviye.com\/index.php\/faq\/#breadcrumb","itemListElement":[{"@type":"ListItem","position":1,"name":"Home","item":"https:\/\/724akutakviye.com\/"},{"@type":"ListItem","position":2,"name":"SSS"}]},{"@type":"WebSite","@id":"https:\/\/724akutakviye.com\/#website","url":"https:\/\/724akutakviye.com\/","name":"7\/24 Ak\u00fc Takviye","description":"\u0130htiya\u00e7 Duydu\u011funuz Her An Yan\u0131n\u0131zda!","publisher":{"@id":"https:\/\/724akutakviye.com\/#organization"},"potentialAction":[{"@type":"SearchAction","target":{"@type":"EntryPoint","urlTemplate":"https:\/\/724akutakviye.com\/?s={search_term_string}"},"query-input":{"@type":"PropertyValueSpecification","valueRequired":true,"valueName":"search_term_string"}}],"inLanguage":"tr"},{"@type":"Organization","@id":"https:\/\/724akutakviye.com\/#organization","name":"7\/24 Ak\u00fc Takviye","url":"https:\/\/724akutakviye.com\/","logo":{"@type":"ImageObject","inLanguage":"tr","@id":"https:\/\/724akutakviye.com\/#\/schema\/logo\/image\/","url":"https:\/\/724akutakviye.com\/wp-content\/uploads\/2021\/02\/Gemini_Generated_Image_6l84vn6l84vn6l84.png","contentUrl":"https:\/\/724akutakviye.com\/wp-content\/uploads\/2021\/02\/Gemini_Generated_Image_6l84vn6l84vn6l84.png","width":1832,"height":759,"caption":"7\/24 Ak\u00fc Takviye"},"image":{"@id":"https:\/\/724akutakviye.com\/#\/schema\/logo\/image\/"}}]}},"_links":{"self":[{"href":"https:\/\/724akutakviye.com\/index.php\/wp-json\/wp\/v2\/pages\/824","targetHints":{"allow":["GET"]}}],"collection":[{"href":"https:\/\/724akutakviye.com\/index.php\/wp-json\/wp\/v2\/pages"}],"about":[{"href":"https:\/\/724akutakviye.com\/index.php\/wp-json\/wp\/v2\/types\/page"}],"author":[{"embeddable":true,"href":"https:\/\/724akutakviye.com\/index.php\/wp-json\/wp\/v2\/users\/1"}],"replies":[{"embeddable":true,"href":"https:\/\/724akutakviye.com\/index.php\/wp-json\/wp\/v2\/comments?post=824"}],"version-history":[{"count":6,"href":"https:\/\/724akutakviye.com\/index.php\/wp-json\/wp\/v2\/pages\/824\/revisions"}],"predecessor-version":[{"id":987723,"href":"https:\/\/724akutakviye.com\/index.php\/wp-json\/wp\/v2\/pages\/824\/revisions\/987723"}],"wp:attachment":[{"href":"https:\/\/724akutakviye.com\/index.php\/wp-json\/wp\/v2\/media?parent=824"}],"curies":[{"name":"wp","href":"https:\/\/api.w.org\/{rel}","templated":true}]}}