{"id":16036,"date":"2021-07-16T13:47:52","date_gmt":"2021-07-16T13:47:52","guid":{"rendered":"https:\/\/macchina.vamtam.com\/?post_type=product&amp;p=16036"},"modified":"2021-07-16T13:47:52","modified_gmt":"2021-07-16T13:47:52","slug":"diehard-platinum-agm-battery-bci-group-size-401-180-cca","status":"publish","type":"product","link":"https:\/\/724akutakviye.com\/index.php\/product\/diehard-platinum-agm-battery-bci-group-size-401-180-cca\/","title":{"rendered":"DieHard Platinum AGM Battery, BCI Group Size 401, 180 CCA"},"content":{"rendered":"<div class=\"vgblk-rw-wrapper limit-wrapper\">Part No. 35-2<br \/>\nWarranty Details (3 YR FREE REPLACEMENT)<\/p>\n<p>DieHard Gold batteries are engineered for maximum starting power in any climate. That means you can relax knowing you&#8217;ll get your car started, even on the coldest or hottest of days. DieHard Gold automotive batteries meet or exceed the manufacturer&#8217;s power (CCA) and reserve capacity requirements for your vehicle, ensuring you get the power you need for a quick start every time. DieHard Gold batteries are engineered with Stamped Grid technology, which is a stronger and more durable positive grid. If you are looking for more power, upgrade to the DieHard Platinum.Don&#8217;t want to bother with installing your new DieHard battery? Stop by your nearest Advance Auto Parts store and take advantage of our FREE battery testing and installation on most vehicles and at most locations. We offer free battery and electrical system testing and free recycling of your old automotive battery. Advance Auto Parts offers helpful advice about a variety of products, including car batteries. Be sure to check out the following:<\/p>\n<p>How to choose the best car battery<br \/>\nHow to test a car battery<br \/>\nHow to replace your car battery<br \/>\nOrder your DieHard vehicle battery replacement today. Enjoy reliable starting power with no maintenance every season.<\/p><\/div>\n<p><!-- .vgblk-rw-wrapper --><\/p>\n","protected":false},"excerpt":{"rendered":"<p>DieHard Platinum AGM batteries are engineered to provide up to 2x the life vs. a standard flooded battery. This battery is ideal for vehicles with start-stop technology or high-demand electrical accessories (backup cameras, heated seats, navigation, plug-in accessories) which put a heavier load on the battery.<br \/>\nYou can buy this product here: <a href=\"https:\/\/shop.advanceautoparts.com\/\" rel=\"noopener\">Advance Autoparts<\/a><\/p>\n","protected":false},"featured_media":16107,"comment_status":"closed","ping_status":"closed","template":"","meta":[],"product_brand":[],"product_cat":[41],"product_tag":[40],"class_list":{"0":"post-16036","1":"product","2":"type-product","3":"status-publish","4":"has-post-thumbnail","6":"product_cat-car-batteries","7":"product_tag-battery","9":"first","10":"instock","11":"sale","12":"shipping-taxable","13":"purchasable","14":"product-type-simple"},"yoast_head":"<!-- This site is optimized with the Yoast SEO plugin v25.3 - https:\/\/yoast.com\/wordpress\/plugins\/seo\/ -->\n<title>DieHard Platinum AGM Battery, BCI Group Size 401, 180 CCA - 7\/24 Ak\u00fc Takviye<\/title>\n<meta name=\"robots\" content=\"index, follow, max-snippet:-1, max-image-preview:large, max-video-preview:-1\" \/>\n<link rel=\"canonical\" href=\"https:\/\/724akutakviye.com\/index.php\/product\/diehard-platinum-agm-battery-bci-group-size-401-180-cca\/\" \/>\n<meta property=\"og:locale\" content=\"tr_TR\" \/>\n<meta property=\"og:type\" content=\"article\" \/>\n<meta property=\"og:title\" content=\"DieHard Platinum AGM Battery, BCI Group Size 401, 180 CCA - 7\/24 Ak\u00fc Takviye\" \/>\n<meta property=\"og:description\" content=\"DieHard Platinum AGM batteries are engineered to provide up to 2x the life vs. a standard flooded battery. This battery is ideal for vehicles with start-stop technology or high-demand electrical accessories (backup cameras, heated seats, navigation, plug-in accessories) which put a heavier load on the battery. You can buy this product here: Advance Autoparts\" \/>\n<meta property=\"og:url\" content=\"https:\/\/724akutakviye.com\/index.php\/product\/diehard-platinum-agm-battery-bci-group-size-401-180-cca\/\" \/>\n<meta property=\"og:site_name\" content=\"7\/24 Ak\u00fc Takviye\" \/>\n<meta name=\"twitter:card\" content=\"summary_large_image\" \/>\n<meta name=\"twitter:label1\" content=\"Tahmini okuma s\u00fcresi\" \/>\n\t<meta name=\"twitter:data1\" content=\"1 dakika\" \/>\n<script type=\"application\/ld+json\" class=\"yoast-schema-graph\">{\"@context\":\"https:\/\/schema.org\",\"@graph\":[{\"@type\":\"WebPage\",\"@id\":\"https:\/\/724akutakviye.com\/index.php\/product\/diehard-platinum-agm-battery-bci-group-size-401-180-cca\/\",\"url\":\"https:\/\/724akutakviye.com\/index.php\/product\/diehard-platinum-agm-battery-bci-group-size-401-180-cca\/\",\"name\":\"DieHard Platinum AGM Battery, BCI Group Size 401, 180 CCA - 7\/24 Ak\u00fc Takviye\",\"isPartOf\":{\"@id\":\"https:\/\/724akutakviye.com\/#website\"},\"primaryImageOfPage\":{\"@id\":\"https:\/\/724akutakviye.com\/index.php\/product\/diehard-platinum-agm-battery-bci-group-size-401-180-cca\/#primaryimage\"},\"image\":{\"@id\":\"https:\/\/724akutakviye.com\/index.php\/product\/diehard-platinum-agm-battery-bci-group-size-401-180-cca\/#primaryimage\"},\"thumbnailUrl\":\"https:\/\/724akutakviye.com\/wp-content\/uploads\/2021\/07\/03.jpg\",\"datePublished\":\"2021-07-16T13:47:52+00:00\",\"breadcrumb\":{\"@id\":\"https:\/\/724akutakviye.com\/index.php\/product\/diehard-platinum-agm-battery-bci-group-size-401-180-cca\/#breadcrumb\"},\"inLanguage\":\"tr\",\"potentialAction\":[{\"@type\":\"ReadAction\",\"target\":[\"https:\/\/724akutakviye.com\/index.php\/product\/diehard-platinum-agm-battery-bci-group-size-401-180-cca\/\"]}]},{\"@type\":\"ImageObject\",\"inLanguage\":\"tr\",\"@id\":\"https:\/\/724akutakviye.com\/index.php\/product\/diehard-platinum-agm-battery-bci-group-size-401-180-cca\/#primaryimage\",\"url\":\"https:\/\/724akutakviye.com\/wp-content\/uploads\/2021\/07\/03.jpg\",\"contentUrl\":\"https:\/\/724akutakviye.com\/wp-content\/uploads\/2021\/07\/03.jpg\",\"width\":800,\"height\":1049},{\"@type\":\"BreadcrumbList\",\"@id\":\"https:\/\/724akutakviye.com\/index.php\/product\/diehard-platinum-agm-battery-bci-group-size-401-180-cca\/#breadcrumb\",\"itemListElement\":[{\"@type\":\"ListItem\",\"position\":1,\"name\":\"Home\",\"item\":\"https:\/\/724akutakviye.com\/\"},{\"@type\":\"ListItem\",\"position\":2,\"name\":\"Shop\",\"item\":\"https:\/\/724akutakviye.com\/index.php\/shop\/\"},{\"@type\":\"ListItem\",\"position\":3,\"name\":\"DieHard Platinum AGM Battery, BCI Group Size 401, 180 CCA\"}]},{\"@type\":\"WebSite\",\"@id\":\"https:\/\/724akutakviye.com\/#website\",\"url\":\"https:\/\/724akutakviye.com\/\",\"name\":\"7\/24 Ak\u00fc Takviye\",\"description\":\"\u0130htiya\u00e7 Duydu\u011funuz Her An Yan\u0131n\u0131zda!\",\"publisher\":{\"@id\":\"https:\/\/724akutakviye.com\/#organization\"},\"potentialAction\":[{\"@type\":\"SearchAction\",\"target\":{\"@type\":\"EntryPoint\",\"urlTemplate\":\"https:\/\/724akutakviye.com\/?s={search_term_string}\"},\"query-input\":{\"@type\":\"PropertyValueSpecification\",\"valueRequired\":true,\"valueName\":\"search_term_string\"}}],\"inLanguage\":\"tr\"},{\"@type\":\"Organization\",\"@id\":\"https:\/\/724akutakviye.com\/#organization\",\"name\":\"7\/24 Ak\u00fc Takviye\",\"url\":\"https:\/\/724akutakviye.com\/\",\"logo\":{\"@type\":\"ImageObject\",\"inLanguage\":\"tr\",\"@id\":\"https:\/\/724akutakviye.com\/#\/schema\/logo\/image\/\",\"url\":\"https:\/\/724akutakviye.com\/wp-content\/uploads\/2021\/02\/Gemini_Generated_Image_6l84vn6l84vn6l84.png\",\"contentUrl\":\"https:\/\/724akutakviye.com\/wp-content\/uploads\/2021\/02\/Gemini_Generated_Image_6l84vn6l84vn6l84.png\",\"width\":1832,\"height\":759,\"caption\":\"7\/24 Ak\u00fc Takviye\"},\"image\":{\"@id\":\"https:\/\/724akutakviye.com\/#\/schema\/logo\/image\/\"}}]}<\/script>\n<!-- \/ Yoast SEO plugin. -->","yoast_head_json":{"title":"DieHard Platinum AGM Battery, BCI Group Size 401, 180 CCA - 7\/24 Ak\u00fc Takviye","robots":{"index":"index","follow":"follow","max-snippet":"max-snippet:-1","max-image-preview":"max-image-preview:large","max-video-preview":"max-video-preview:-1"},"canonical":"https:\/\/724akutakviye.com\/index.php\/product\/diehard-platinum-agm-battery-bci-group-size-401-180-cca\/","og_locale":"tr_TR","og_type":"article","og_title":"DieHard Platinum AGM Battery, BCI Group Size 401, 180 CCA - 7\/24 Ak\u00fc Takviye","og_description":"DieHard Platinum AGM batteries are engineered to provide up to 2x the life vs. a standard flooded battery. This battery is ideal for vehicles with start-stop technology or high-demand electrical accessories (backup cameras, heated seats, navigation, plug-in accessories) which put a heavier load on the battery. You can buy this product here: Advance Autoparts","og_url":"https:\/\/724akutakviye.com\/index.php\/product\/diehard-platinum-agm-battery-bci-group-size-401-180-cca\/","og_site_name":"7\/24 Ak\u00fc Takviye","twitter_card":"summary_large_image","twitter_misc":{"Tahmini okuma s\u00fcresi":"1 dakika"},"schema":{"@context":"https:\/\/schema.org","@graph":[{"@type":"WebPage","@id":"https:\/\/724akutakviye.com\/index.php\/product\/diehard-platinum-agm-battery-bci-group-size-401-180-cca\/","url":"https:\/\/724akutakviye.com\/index.php\/product\/diehard-platinum-agm-battery-bci-group-size-401-180-cca\/","name":"DieHard Platinum AGM Battery, BCI Group Size 401, 180 CCA - 7\/24 Ak\u00fc Takviye","isPartOf":{"@id":"https:\/\/724akutakviye.com\/#website"},"primaryImageOfPage":{"@id":"https:\/\/724akutakviye.com\/index.php\/product\/diehard-platinum-agm-battery-bci-group-size-401-180-cca\/#primaryimage"},"image":{"@id":"https:\/\/724akutakviye.com\/index.php\/product\/diehard-platinum-agm-battery-bci-group-size-401-180-cca\/#primaryimage"},"thumbnailUrl":"https:\/\/724akutakviye.com\/wp-content\/uploads\/2021\/07\/03.jpg","datePublished":"2021-07-16T13:47:52+00:00","breadcrumb":{"@id":"https:\/\/724akutakviye.com\/index.php\/product\/diehard-platinum-agm-battery-bci-group-size-401-180-cca\/#breadcrumb"},"inLanguage":"tr","potentialAction":[{"@type":"ReadAction","target":["https:\/\/724akutakviye.com\/index.php\/product\/diehard-platinum-agm-battery-bci-group-size-401-180-cca\/"]}]},{"@type":"ImageObject","inLanguage":"tr","@id":"https:\/\/724akutakviye.com\/index.php\/product\/diehard-platinum-agm-battery-bci-group-size-401-180-cca\/#primaryimage","url":"https:\/\/724akutakviye.com\/wp-content\/uploads\/2021\/07\/03.jpg","contentUrl":"https:\/\/724akutakviye.com\/wp-content\/uploads\/2021\/07\/03.jpg","width":800,"height":1049},{"@type":"BreadcrumbList","@id":"https:\/\/724akutakviye.com\/index.php\/product\/diehard-platinum-agm-battery-bci-group-size-401-180-cca\/#breadcrumb","itemListElement":[{"@type":"ListItem","position":1,"name":"Home","item":"https:\/\/724akutakviye.com\/"},{"@type":"ListItem","position":2,"name":"Shop","item":"https:\/\/724akutakviye.com\/index.php\/shop\/"},{"@type":"ListItem","position":3,"name":"DieHard Platinum AGM Battery, BCI Group Size 401, 180 CCA"}]},{"@type":"WebSite","@id":"https:\/\/724akutakviye.com\/#website","url":"https:\/\/724akutakviye.com\/","name":"7\/24 Ak\u00fc Takviye","description":"\u0130htiya\u00e7 Duydu\u011funuz Her An Yan\u0131n\u0131zda!","publisher":{"@id":"https:\/\/724akutakviye.com\/#organization"},"potentialAction":[{"@type":"SearchAction","target":{"@type":"EntryPoint","urlTemplate":"https:\/\/724akutakviye.com\/?s={search_term_string}"},"query-input":{"@type":"PropertyValueSpecification","valueRequired":true,"valueName":"search_term_string"}}],"inLanguage":"tr"},{"@type":"Organization","@id":"https:\/\/724akutakviye.com\/#organization","name":"7\/24 Ak\u00fc Takviye","url":"https:\/\/724akutakviye.com\/","logo":{"@type":"ImageObject","inLanguage":"tr","@id":"https:\/\/724akutakviye.com\/#\/schema\/logo\/image\/","url":"https:\/\/724akutakviye.com\/wp-content\/uploads\/2021\/02\/Gemini_Generated_Image_6l84vn6l84vn6l84.png","contentUrl":"https:\/\/724akutakviye.com\/wp-content\/uploads\/2021\/02\/Gemini_Generated_Image_6l84vn6l84vn6l84.png","width":1832,"height":759,"caption":"7\/24 Ak\u00fc Takviye"},"image":{"@id":"https:\/\/724akutakviye.com\/#\/schema\/logo\/image\/"}}]}},"_links":{"self":[{"href":"https:\/\/724akutakviye.com\/index.php\/wp-json\/wp\/v2\/product\/16036","targetHints":{"allow":["GET"]}}],"collection":[{"href":"https:\/\/724akutakviye.com\/index.php\/wp-json\/wp\/v2\/product"}],"about":[{"href":"https:\/\/724akutakviye.com\/index.php\/wp-json\/wp\/v2\/types\/product"}],"replies":[{"embeddable":true,"href":"https:\/\/724akutakviye.com\/index.php\/wp-json\/wp\/v2\/comments?post=16036"}],"wp:featuredmedia":[{"embeddable":true,"href":"https:\/\/724akutakviye.com\/index.php\/wp-json\/wp\/v2\/media\/16107"}],"wp:attachment":[{"href":"https:\/\/724akutakviye.com\/index.php\/wp-json\/wp\/v2\/media?parent=16036"}],"wp:term":[{"taxonomy":"product_brand","embeddable":true,"href":"https:\/\/724akutakviye.com\/index.php\/wp-json\/wp\/v2\/product_brand?post=16036"},{"taxonomy":"product_cat","embeddable":true,"href":"https:\/\/724akutakviye.com\/index.php\/wp-json\/wp\/v2\/product_cat?post=16036"},{"taxonomy":"product_tag","embeddable":true,"href":"https:\/\/724akutakviye.com\/index.php\/wp-json\/wp\/v2\/product_tag?post=16036"}],"curies":[{"name":"wp","href":"https:\/\/api.w.org\/{rel}","templated":true}]}}