{"id":16043,"date":"2021-07-16T14:03:09","date_gmt":"2021-07-16T14:03:09","guid":{"rendered":"https:\/\/macchina.vamtam.com\/?post_type=product&amp;p=16043"},"modified":"2021-07-16T14:03:09","modified_gmt":"2021-07-16T14:03:09","slug":"dorman-oe-solutions-16-x-6-5-in-steel-wheel-2","status":"publish","type":"product","link":"https:\/\/724akutakviye.com\/index.php\/product\/dorman-oe-solutions-16-x-6-5-in-steel-wheel-2\/","title":{"rendered":"Dorman &#8211; OE Solutions 16 X 6.5 In. Steel Wheel"},"content":{"rendered":"<div class=\"vgblk-rw-wrapper limit-wrapper\">Backspacing: 136 mm<br \/>\nBolt Pattern: 5 x 105<br \/>\nBolt Pattern Diameter: 105 mm<br \/>\nBore Diameter: 56.7 mm<br \/>\nColor: Black<br \/>\nDiameter: 16 in<br \/>\nDimensions: 16 x 6.5<br \/>\nFinish: Painted<br \/>\nGrade Type: Regular<br \/>\nLoad Rating: 1301 lbs<br \/>\nLug Hole Quantity: 5<br \/>\nMaterial: Steel<br \/>\nOffset: 40<br \/>\nWidth: 6.5 in<\/div>\n<p><!-- .vgblk-rw-wrapper --><\/p>\n","protected":false},"excerpt":{"rendered":"<p>Unlike multi-fit wheels that are designed to fit a variety of vehicles, our Wheels are application-specific to ensure a proper fit every time.<\/p>\n<p>Product Features:<\/p>\n<p>Durable steel construction<br \/>\nDirect fit replacement<br \/>\nEasy to install<br \/>\nThis part has undergone a rigorous inspection to ensure high quality<br \/>\nYou can buy this product here: <a href=\"https:\/\/shop.advanceautoparts.com\/\" rel=\"noopener\">Advance Autoparts<\/a><\/p>\n","protected":false},"featured_media":16111,"comment_status":"closed","ping_status":"closed","template":"","meta":[],"product_brand":[],"product_cat":[56,58],"product_tag":[55],"class_list":{"0":"post-16043","1":"product","2":"type-product","3":"status-publish","4":"has-post-thumbnail","6":"product_cat-steel-wheels","7":"product_cat-top-rated","8":"product_tag-steel-wheel","10":"first","11":"instock","12":"shipping-taxable","13":"purchasable","14":"product-type-simple"},"yoast_head":"<!-- This site is optimized with the Yoast SEO plugin v25.3 - https:\/\/yoast.com\/wordpress\/plugins\/seo\/ -->\n<title>Dorman - OE Solutions 16 X 6.5 In. Steel Wheel - 7\/24 Ak\u00fc Takviye<\/title>\n<meta name=\"robots\" content=\"index, follow, max-snippet:-1, max-image-preview:large, max-video-preview:-1\" \/>\n<link rel=\"canonical\" href=\"https:\/\/724akutakviye.com\/index.php\/product\/dorman-oe-solutions-16-x-6-5-in-steel-wheel-2\/\" \/>\n<meta property=\"og:locale\" content=\"tr_TR\" \/>\n<meta property=\"og:type\" content=\"article\" \/>\n<meta property=\"og:title\" content=\"Dorman - OE Solutions 16 X 6.5 In. Steel Wheel - 7\/24 Ak\u00fc Takviye\" \/>\n<meta property=\"og:description\" content=\"Unlike multi-fit wheels that are designed to fit a variety of vehicles, our Wheels are application-specific to ensure a proper fit every time. Product Features: Durable steel construction Direct fit replacement Easy to install This part has undergone a rigorous inspection to ensure high quality You can buy this product here: Advance Autoparts\" \/>\n<meta property=\"og:url\" content=\"https:\/\/724akutakviye.com\/index.php\/product\/dorman-oe-solutions-16-x-6-5-in-steel-wheel-2\/\" \/>\n<meta property=\"og:site_name\" content=\"7\/24 Ak\u00fc Takviye\" \/>\n<meta name=\"twitter:card\" content=\"summary_large_image\" \/>\n<script type=\"application\/ld+json\" class=\"yoast-schema-graph\">{\"@context\":\"https:\/\/schema.org\",\"@graph\":[{\"@type\":\"WebPage\",\"@id\":\"https:\/\/724akutakviye.com\/index.php\/product\/dorman-oe-solutions-16-x-6-5-in-steel-wheel-2\/\",\"url\":\"https:\/\/724akutakviye.com\/index.php\/product\/dorman-oe-solutions-16-x-6-5-in-steel-wheel-2\/\",\"name\":\"Dorman - OE Solutions 16 X 6.5 In. Steel Wheel - 7\/24 Ak\u00fc Takviye\",\"isPartOf\":{\"@id\":\"https:\/\/724akutakviye.com\/#website\"},\"primaryImageOfPage\":{\"@id\":\"https:\/\/724akutakviye.com\/index.php\/product\/dorman-oe-solutions-16-x-6-5-in-steel-wheel-2\/#primaryimage\"},\"image\":{\"@id\":\"https:\/\/724akutakviye.com\/index.php\/product\/dorman-oe-solutions-16-x-6-5-in-steel-wheel-2\/#primaryimage\"},\"thumbnailUrl\":\"https:\/\/724akutakviye.com\/wp-content\/uploads\/2021\/07\/08.jpg\",\"datePublished\":\"2021-07-16T14:03:09+00:00\",\"breadcrumb\":{\"@id\":\"https:\/\/724akutakviye.com\/index.php\/product\/dorman-oe-solutions-16-x-6-5-in-steel-wheel-2\/#breadcrumb\"},\"inLanguage\":\"tr\",\"potentialAction\":[{\"@type\":\"ReadAction\",\"target\":[\"https:\/\/724akutakviye.com\/index.php\/product\/dorman-oe-solutions-16-x-6-5-in-steel-wheel-2\/\"]}]},{\"@type\":\"ImageObject\",\"inLanguage\":\"tr\",\"@id\":\"https:\/\/724akutakviye.com\/index.php\/product\/dorman-oe-solutions-16-x-6-5-in-steel-wheel-2\/#primaryimage\",\"url\":\"https:\/\/724akutakviye.com\/wp-content\/uploads\/2021\/07\/08.jpg\",\"contentUrl\":\"https:\/\/724akutakviye.com\/wp-content\/uploads\/2021\/07\/08.jpg\",\"width\":800,\"height\":1049},{\"@type\":\"BreadcrumbList\",\"@id\":\"https:\/\/724akutakviye.com\/index.php\/product\/dorman-oe-solutions-16-x-6-5-in-steel-wheel-2\/#breadcrumb\",\"itemListElement\":[{\"@type\":\"ListItem\",\"position\":1,\"name\":\"Home\",\"item\":\"https:\/\/724akutakviye.com\/\"},{\"@type\":\"ListItem\",\"position\":2,\"name\":\"Shop\",\"item\":\"https:\/\/724akutakviye.com\/index.php\/shop\/\"},{\"@type\":\"ListItem\",\"position\":3,\"name\":\"Dorman &#8211; OE Solutions 16 X 6.5 In. Steel Wheel\"}]},{\"@type\":\"WebSite\",\"@id\":\"https:\/\/724akutakviye.com\/#website\",\"url\":\"https:\/\/724akutakviye.com\/\",\"name\":\"7\/24 Ak\u00fc Takviye\",\"description\":\"\u0130htiya\u00e7 Duydu\u011funuz Her An Yan\u0131n\u0131zda!\",\"publisher\":{\"@id\":\"https:\/\/724akutakviye.com\/#organization\"},\"potentialAction\":[{\"@type\":\"SearchAction\",\"target\":{\"@type\":\"EntryPoint\",\"urlTemplate\":\"https:\/\/724akutakviye.com\/?s={search_term_string}\"},\"query-input\":{\"@type\":\"PropertyValueSpecification\",\"valueRequired\":true,\"valueName\":\"search_term_string\"}}],\"inLanguage\":\"tr\"},{\"@type\":\"Organization\",\"@id\":\"https:\/\/724akutakviye.com\/#organization\",\"name\":\"7\/24 Ak\u00fc Takviye\",\"url\":\"https:\/\/724akutakviye.com\/\",\"logo\":{\"@type\":\"ImageObject\",\"inLanguage\":\"tr\",\"@id\":\"https:\/\/724akutakviye.com\/#\/schema\/logo\/image\/\",\"url\":\"https:\/\/724akutakviye.com\/wp-content\/uploads\/2021\/02\/Gemini_Generated_Image_6l84vn6l84vn6l84.png\",\"contentUrl\":\"https:\/\/724akutakviye.com\/wp-content\/uploads\/2021\/02\/Gemini_Generated_Image_6l84vn6l84vn6l84.png\",\"width\":1832,\"height\":759,\"caption\":\"7\/24 Ak\u00fc Takviye\"},\"image\":{\"@id\":\"https:\/\/724akutakviye.com\/#\/schema\/logo\/image\/\"}}]}<\/script>\n<!-- \/ Yoast SEO plugin. -->","yoast_head_json":{"title":"Dorman - OE Solutions 16 X 6.5 In. Steel Wheel - 7\/24 Ak\u00fc Takviye","robots":{"index":"index","follow":"follow","max-snippet":"max-snippet:-1","max-image-preview":"max-image-preview:large","max-video-preview":"max-video-preview:-1"},"canonical":"https:\/\/724akutakviye.com\/index.php\/product\/dorman-oe-solutions-16-x-6-5-in-steel-wheel-2\/","og_locale":"tr_TR","og_type":"article","og_title":"Dorman - OE Solutions 16 X 6.5 In. Steel Wheel - 7\/24 Ak\u00fc Takviye","og_description":"Unlike multi-fit wheels that are designed to fit a variety of vehicles, our Wheels are application-specific to ensure a proper fit every time. Product Features: Durable steel construction Direct fit replacement Easy to install This part has undergone a rigorous inspection to ensure high quality You can buy this product here: Advance Autoparts","og_url":"https:\/\/724akutakviye.com\/index.php\/product\/dorman-oe-solutions-16-x-6-5-in-steel-wheel-2\/","og_site_name":"7\/24 Ak\u00fc Takviye","twitter_card":"summary_large_image","schema":{"@context":"https:\/\/schema.org","@graph":[{"@type":"WebPage","@id":"https:\/\/724akutakviye.com\/index.php\/product\/dorman-oe-solutions-16-x-6-5-in-steel-wheel-2\/","url":"https:\/\/724akutakviye.com\/index.php\/product\/dorman-oe-solutions-16-x-6-5-in-steel-wheel-2\/","name":"Dorman - OE Solutions 16 X 6.5 In. Steel Wheel - 7\/24 Ak\u00fc Takviye","isPartOf":{"@id":"https:\/\/724akutakviye.com\/#website"},"primaryImageOfPage":{"@id":"https:\/\/724akutakviye.com\/index.php\/product\/dorman-oe-solutions-16-x-6-5-in-steel-wheel-2\/#primaryimage"},"image":{"@id":"https:\/\/724akutakviye.com\/index.php\/product\/dorman-oe-solutions-16-x-6-5-in-steel-wheel-2\/#primaryimage"},"thumbnailUrl":"https:\/\/724akutakviye.com\/wp-content\/uploads\/2021\/07\/08.jpg","datePublished":"2021-07-16T14:03:09+00:00","breadcrumb":{"@id":"https:\/\/724akutakviye.com\/index.php\/product\/dorman-oe-solutions-16-x-6-5-in-steel-wheel-2\/#breadcrumb"},"inLanguage":"tr","potentialAction":[{"@type":"ReadAction","target":["https:\/\/724akutakviye.com\/index.php\/product\/dorman-oe-solutions-16-x-6-5-in-steel-wheel-2\/"]}]},{"@type":"ImageObject","inLanguage":"tr","@id":"https:\/\/724akutakviye.com\/index.php\/product\/dorman-oe-solutions-16-x-6-5-in-steel-wheel-2\/#primaryimage","url":"https:\/\/724akutakviye.com\/wp-content\/uploads\/2021\/07\/08.jpg","contentUrl":"https:\/\/724akutakviye.com\/wp-content\/uploads\/2021\/07\/08.jpg","width":800,"height":1049},{"@type":"BreadcrumbList","@id":"https:\/\/724akutakviye.com\/index.php\/product\/dorman-oe-solutions-16-x-6-5-in-steel-wheel-2\/#breadcrumb","itemListElement":[{"@type":"ListItem","position":1,"name":"Home","item":"https:\/\/724akutakviye.com\/"},{"@type":"ListItem","position":2,"name":"Shop","item":"https:\/\/724akutakviye.com\/index.php\/shop\/"},{"@type":"ListItem","position":3,"name":"Dorman &#8211; OE Solutions 16 X 6.5 In. Steel Wheel"}]},{"@type":"WebSite","@id":"https:\/\/724akutakviye.com\/#website","url":"https:\/\/724akutakviye.com\/","name":"7\/24 Ak\u00fc Takviye","description":"\u0130htiya\u00e7 Duydu\u011funuz Her An Yan\u0131n\u0131zda!","publisher":{"@id":"https:\/\/724akutakviye.com\/#organization"},"potentialAction":[{"@type":"SearchAction","target":{"@type":"EntryPoint","urlTemplate":"https:\/\/724akutakviye.com\/?s={search_term_string}"},"query-input":{"@type":"PropertyValueSpecification","valueRequired":true,"valueName":"search_term_string"}}],"inLanguage":"tr"},{"@type":"Organization","@id":"https:\/\/724akutakviye.com\/#organization","name":"7\/24 Ak\u00fc Takviye","url":"https:\/\/724akutakviye.com\/","logo":{"@type":"ImageObject","inLanguage":"tr","@id":"https:\/\/724akutakviye.com\/#\/schema\/logo\/image\/","url":"https:\/\/724akutakviye.com\/wp-content\/uploads\/2021\/02\/Gemini_Generated_Image_6l84vn6l84vn6l84.png","contentUrl":"https:\/\/724akutakviye.com\/wp-content\/uploads\/2021\/02\/Gemini_Generated_Image_6l84vn6l84vn6l84.png","width":1832,"height":759,"caption":"7\/24 Ak\u00fc Takviye"},"image":{"@id":"https:\/\/724akutakviye.com\/#\/schema\/logo\/image\/"}}]}},"_links":{"self":[{"href":"https:\/\/724akutakviye.com\/index.php\/wp-json\/wp\/v2\/product\/16043","targetHints":{"allow":["GET"]}}],"collection":[{"href":"https:\/\/724akutakviye.com\/index.php\/wp-json\/wp\/v2\/product"}],"about":[{"href":"https:\/\/724akutakviye.com\/index.php\/wp-json\/wp\/v2\/types\/product"}],"replies":[{"embeddable":true,"href":"https:\/\/724akutakviye.com\/index.php\/wp-json\/wp\/v2\/comments?post=16043"}],"wp:featuredmedia":[{"embeddable":true,"href":"https:\/\/724akutakviye.com\/index.php\/wp-json\/wp\/v2\/media\/16111"}],"wp:attachment":[{"href":"https:\/\/724akutakviye.com\/index.php\/wp-json\/wp\/v2\/media?parent=16043"}],"wp:term":[{"taxonomy":"product_brand","embeddable":true,"href":"https:\/\/724akutakviye.com\/index.php\/wp-json\/wp\/v2\/product_brand?post=16043"},{"taxonomy":"product_cat","embeddable":true,"href":"https:\/\/724akutakviye.com\/index.php\/wp-json\/wp\/v2\/product_cat?post=16043"},{"taxonomy":"product_tag","embeddable":true,"href":"https:\/\/724akutakviye.com\/index.php\/wp-json\/wp\/v2\/product_tag?post=16043"}],"curies":[{"name":"wp","href":"https:\/\/api.w.org\/{rel}","templated":true}]}}